{"id":1325,"date":"2022-08-16T19:41:45","date_gmt":"2022-08-16T17:41:45","guid":{"rendered":"https:\/\/dynamic-connecting.ch\/law-firm\/"},"modified":"2022-08-29T14:01:14","modified_gmt":"2022-08-29T12:01:14","slug":"law-firm","status":"publish","type":"page","link":"https:\/\/dynamic-connecting.ch\/en\/law-firm\/","title":{"rendered":"Law firm"},"content":{"rendered":"\t\t<div data-elementor-type=\"wp-page\" data-elementor-id=\"1325\" class=\"elementor elementor-1325 elementor-1130\" data-elementor-post-type=\"page\">\n\t\t\t\t<section class=\"elementor-element elementor-element-6d3588c e-flex e-con-boxed e-con e-parent\" data-id=\"6d3588c\" data-element_type=\"container\" data-e-type=\"container\">\n\t\t\t\t\t<div class=\"e-con-inner\">\n\t\t<div class=\"elementor-element elementor-element-998b700 e-con-full e-flex e-con e-parent\" data-id=\"998b700\" data-element_type=\"container\" data-e-type=\"container\">\n\t\t\t\t<div class=\"elementor-element elementor-element-ebcc8a3 elementor-widget elementor-widget-heading\" data-id=\"ebcc8a3\" data-element_type=\"widget\" data-e-type=\"widget\" data-widget_type=\"heading.default\">\n\t\t\t\t<div class=\"elementor-widget-container\">\n\t\t\t\t\t<h2 class=\"elementor-heading-title elementor-size-default\">Your law office with heart and soul<\/h2>\t\t\t\t<\/div>\n\t\t\t\t<\/div>\n\t\t\t\t<div class=\"elementor-element elementor-element-09e96af elementor-widget elementor-widget-text-editor\" data-id=\"09e96af\" data-element_type=\"widget\" data-e-type=\"widget\" data-widget_type=\"text-editor.default\">\n\t\t\t\t<div class=\"elementor-widget-container\">\n\t\t\t\t\t\t\t\t\t<p>Holistic \u2013 versatile \u2013 professional<\/p><p>Whenever private people face governmental authority for example public administration, school authority, any institution of further education or a public employer there are often many specialists on the other side.<\/p><p>We care for equal opportunities. Thank to experience and diversity of methods we think of further aspects and support you in a professional way.<\/p>\t\t\t\t\t\t\t\t<\/div>\n\t\t\t\t<\/div>\n\t\t\t\t<\/div>\n\t\t<div class=\"elementor-element elementor-element-2828eb9 e-con-full e-flex e-con e-parent\" data-id=\"2828eb9\" data-element_type=\"container\" data-e-type=\"container\">\n\t\t\t\t<div class=\"elementor-element elementor-element-a3dffd0 elementor-widget elementor-widget-image\" data-id=\"a3dffd0\" data-element_type=\"widget\" data-e-type=\"widget\" data-widget_type=\"image.default\">\n\t\t\t\t<div class=\"elementor-widget-container\">\n\t\t\t\t\t\t\t\t\t\t\t\t\t\t\t<img fetchpriority=\"high\" decoding=\"async\" width=\"600\" height=\"537\" src=\"https:\/\/dynamic-connecting.ch\/wp-content\/uploads\/anwaltskanzlei-margrit-weber-600x537.png\" class=\"attachment-medium size-medium wp-image-1292\" alt=\"\" srcset=\"https:\/\/dynamic-connecting.ch\/wp-content\/uploads\/anwaltskanzlei-margrit-weber-600x537.png 600w, https:\/\/dynamic-connecting.ch\/wp-content\/uploads\/anwaltskanzlei-margrit-weber-1024x917.png 1024w, https:\/\/dynamic-connecting.ch\/wp-content\/uploads\/anwaltskanzlei-margrit-weber-768x688.png 768w, https:\/\/dynamic-connecting.ch\/wp-content\/uploads\/anwaltskanzlei-margrit-weber-1536x1375.png 1536w, https:\/\/dynamic-connecting.ch\/wp-content\/uploads\/anwaltskanzlei-margrit-weber.png 2000w\" sizes=\"(max-width: 600px) 100vw, 600px\" \/>\t\t\t\t\t\t\t\t\t\t\t\t\t\t\t<\/div>\n\t\t\t\t<\/div>\n\t\t\t\t<\/div>\n\t\t\t\t\t<\/div>\n\t\t\t\t<\/section>\n\t\t<section class=\"elementor-element elementor-element-625070c e-flex e-con-boxed e-con e-parent\" data-id=\"625070c\" data-element_type=\"container\" data-e-type=\"container\">\n\t\t\t\t\t<div class=\"e-con-inner\">\n\t\t<div class=\"elementor-element elementor-element-c534e42 e-con-full e-flex e-con e-parent\" data-id=\"c534e42\" data-element_type=\"container\" data-e-type=\"container\">\n\t\t\t\t<div class=\"elementor-element elementor-element-a876281 elementor-widget elementor-widget-image\" data-id=\"a876281\" data-element_type=\"widget\" data-e-type=\"widget\" data-widget_type=\"image.default\">\n\t\t\t\t<div class=\"elementor-widget-container\">\n\t\t\t\t\t\t\t\t\t\t\t\t\t\t\t<img decoding=\"async\" width=\"600\" height=\"600\" src=\"https:\/\/dynamic-connecting.ch\/wp-content\/uploads\/portrait-margrit-weber-600x600.png\" class=\"attachment-medium size-medium wp-image-1305\" alt=\"\" srcset=\"https:\/\/dynamic-connecting.ch\/wp-content\/uploads\/portrait-margrit-weber-600x600.png 600w, https:\/\/dynamic-connecting.ch\/wp-content\/uploads\/portrait-margrit-weber-1024x1024.png 1024w, https:\/\/dynamic-connecting.ch\/wp-content\/uploads\/portrait-margrit-weber-300x300.png 300w, https:\/\/dynamic-connecting.ch\/wp-content\/uploads\/portrait-margrit-weber-768x768.png 768w, https:\/\/dynamic-connecting.ch\/wp-content\/uploads\/portrait-margrit-weber-1536x1536.png 1536w, https:\/\/dynamic-connecting.ch\/wp-content\/uploads\/portrait-margrit-weber.png 2000w\" sizes=\"(max-width: 600px) 100vw, 600px\" \/>\t\t\t\t\t\t\t\t\t\t\t\t\t\t\t<\/div>\n\t\t\t\t<\/div>\n\t\t\t\t<\/div>\n\t\t<div class=\"elementor-element elementor-element-2933828 e-con-full e-flex e-con e-parent\" data-id=\"2933828\" data-element_type=\"container\" data-e-type=\"container\">\n\t\t\t\t<div class=\"elementor-element elementor-element-d94942b elementor-widget elementor-widget-heading\" data-id=\"d94942b\" data-element_type=\"widget\" data-e-type=\"widget\" data-widget_type=\"heading.default\">\n\t\t\t\t<div class=\"elementor-widget-container\">\n\t\t\t\t\t<h2 class=\"elementor-heading-title elementor-size-default\">Dr. iur. Margrit Weber-Scherrer <\/h2>\t\t\t\t<\/div>\n\t\t\t\t<\/div>\n\t\t\t\t<div class=\"elementor-element elementor-element-e5eb0c2 elementor-widget elementor-widget-text-editor\" data-id=\"e5eb0c2\" data-element_type=\"widget\" data-e-type=\"widget\" data-widget_type=\"text-editor.default\">\n\t\t\t\t<div class=\"elementor-widget-container\">\n\t\t\t\t\t\t\t\t\tWherever people meet each other, work together or communicate, misunderstandings may happen. Thank to our experience as lawyers, mediators, coachs, we are able to react individually to your needs and support you solving your problems. We advise and represent private individuals in questions of law aspects with schools, educational institutions, public employers or governmental administrations. We support people in conflict with mediation, coach people to find new solutions for example leading solutions or any issue in private or at work. We moderate proceedings in organisations. \n\n \t\t\t\t\t\t\t\t<\/div>\n\t\t\t\t<\/div>\n\t\t\t\t<div class=\"elementor-element elementor-element-547b753 elementor-widget elementor-widget-toggle\" data-id=\"547b753\" data-element_type=\"widget\" data-e-type=\"widget\" data-widget_type=\"toggle.default\">\n\t\t\t\t<div class=\"elementor-widget-container\">\n\t\t\t\t\t\t\t<div class=\"elementor-toggle\">\n\t\t\t\t\t\t\t<div class=\"elementor-toggle-item\">\n\t\t\t\t\t<div id=\"elementor-tab-title-8851\" class=\"elementor-tab-title\" data-tab=\"1\" role=\"button\" aria-controls=\"elementor-tab-content-8851\" aria-expanded=\"false\">\n\t\t\t\t\t\t\t\t\t\t\t\t<span class=\"elementor-toggle-icon elementor-toggle-icon-right\" aria-hidden=\"true\">\n\t\t\t\t\t\t\t\t\t\t\t\t\t\t\t<span class=\"elementor-toggle-icon-closed\"><i class=\"fas fa-chevron-down\"><\/i><\/span>\n\t\t\t\t\t\t\t\t<span class=\"elementor-toggle-icon-opened\"><i class=\"elementor-toggle-icon-opened fas fa-chevron-up\"><\/i><\/span>\n\t\t\t\t\t\t\t\t\t\t\t\t\t<\/span>\n\t\t\t\t\t\t\t\t\t\t\t\t<a class=\"elementor-toggle-title\" tabindex=\"0\">Professional background<\/a>\n\t\t\t\t\t<\/div>\n\n\t\t\t\t\t<div id=\"elementor-tab-content-8851\" class=\"elementor-tab-content elementor-clearfix\" data-tab=\"1\" role=\"region\" aria-labelledby=\"elementor-tab-title-8851\"><ul><li>Studies of law (University of Zurich)<\/li><li>Advocates patent<\/li><li>Theses in the interface of employment law and communication: \u201clegal aspects of information between the parties of a employment contract considering the right of lying in self-defense\u201d<\/li><li>Mediation (aeb)<\/li><li>Empathic coach with the method of connecting communication<\/li><\/ul><\/div>\n\t\t\t\t<\/div>\n\t\t\t\t\t\t\t<div class=\"elementor-toggle-item\">\n\t\t\t\t\t<div id=\"elementor-tab-title-8852\" class=\"elementor-tab-title\" data-tab=\"2\" role=\"button\" aria-controls=\"elementor-tab-content-8852\" aria-expanded=\"false\">\n\t\t\t\t\t\t\t\t\t\t\t\t<span class=\"elementor-toggle-icon elementor-toggle-icon-right\" aria-hidden=\"true\">\n\t\t\t\t\t\t\t\t\t\t\t\t\t\t\t<span class=\"elementor-toggle-icon-closed\"><i class=\"fas fa-chevron-down\"><\/i><\/span>\n\t\t\t\t\t\t\t\t<span class=\"elementor-toggle-icon-opened\"><i class=\"elementor-toggle-icon-opened fas fa-chevron-up\"><\/i><\/span>\n\t\t\t\t\t\t\t\t\t\t\t\t\t<\/span>\n\t\t\t\t\t\t\t\t\t\t\t\t<a class=\"elementor-toggle-title\" tabindex=\"0\">Professional activities<\/a>\n\t\t\t\t\t<\/div>\n\n\t\t\t\t\t<div id=\"elementor-tab-content-8852\" class=\"elementor-tab-content elementor-clearfix\" data-tab=\"2\" role=\"region\" aria-labelledby=\"elementor-tab-title-8852\"><ul><li>Internships at law firms and courts<\/li><li>Legal consultant at Joseph Muller Corporation (trading company)<\/li><li>Lawyer at legal protection insurance (ARAG)<\/li><li>Manager employment service at Credit Swiss<\/li><li>Lawyer<\/li><li>Legal advice and expert opinion<\/li><li>Mediator (out-of-court conflict resolution)<\/li><li>Course lecturer for legal and communicative topics for various associations (VASP, SCASO, Verkaufsverband Schweiz), as well as for educational institutions such as the HSG, at the Lucerne University of Education and the FHNW Aargau, etc.<\/li><li>Empathic coach<\/li><\/ul><\/div>\n\t\t\t\t<\/div>\n\t\t\t\t\t\t\t<div class=\"elementor-toggle-item\">\n\t\t\t\t\t<div id=\"elementor-tab-title-8853\" class=\"elementor-tab-title\" data-tab=\"3\" role=\"button\" aria-controls=\"elementor-tab-content-8853\" aria-expanded=\"false\">\n\t\t\t\t\t\t\t\t\t\t\t\t<span class=\"elementor-toggle-icon elementor-toggle-icon-right\" aria-hidden=\"true\">\n\t\t\t\t\t\t\t\t\t\t\t\t\t\t\t<span class=\"elementor-toggle-icon-closed\"><i class=\"fas fa-chevron-down\"><\/i><\/span>\n\t\t\t\t\t\t\t\t<span class=\"elementor-toggle-icon-opened\"><i class=\"elementor-toggle-icon-opened fas fa-chevron-up\"><\/i><\/span>\n\t\t\t\t\t\t\t\t\t\t\t\t\t<\/span>\n\t\t\t\t\t\t\t\t\t\t\t\t<a class=\"elementor-toggle-title\" tabindex=\"0\">Avocational activities<\/a>\n\t\t\t\t\t<\/div>\n\n\t\t\t\t\t<div id=\"elementor-tab-content-8853\" class=\"elementor-tab-content elementor-clearfix\" data-tab=\"3\" role=\"region\" aria-labelledby=\"elementor-tab-title-8853\"><ul><li>2000 \u2013 2006 School authority of Zufikon, 5 Jahre chair<\/li><li>2005 \u2013 2007 member of conciliation committee for employment of Canton Aargau<\/li><li>Member of swiss arbitrator organisation as mediator<\/li><li>Since 2013 member of council of schools, district of Bremgarten, president since 2016<\/li><li>2013-2016 Justice of peace, district of Bremgaren<\/li><li>Member of foundation council \u201eStiftung Raphael\u201c<\/li><\/ul><\/div>\n\t\t\t\t<\/div>\n\t\t\t\t\t\t\t<div class=\"elementor-toggle-item\">\n\t\t\t\t\t<div id=\"elementor-tab-title-8854\" class=\"elementor-tab-title\" data-tab=\"4\" role=\"button\" aria-controls=\"elementor-tab-content-8854\" aria-expanded=\"false\">\n\t\t\t\t\t\t\t\t\t\t\t\t<span class=\"elementor-toggle-icon elementor-toggle-icon-right\" aria-hidden=\"true\">\n\t\t\t\t\t\t\t\t\t\t\t\t\t\t\t<span class=\"elementor-toggle-icon-closed\"><i class=\"fas fa-chevron-down\"><\/i><\/span>\n\t\t\t\t\t\t\t\t<span class=\"elementor-toggle-icon-opened\"><i class=\"elementor-toggle-icon-opened fas fa-chevron-up\"><\/i><\/span>\n\t\t\t\t\t\t\t\t\t\t\t\t\t<\/span>\n\t\t\t\t\t\t\t\t\t\t\t\t<a class=\"elementor-toggle-title\" tabindex=\"0\">Publications<\/a>\n\t\t\t\t\t<\/div>\n\n\t\t\t\t\t<div id=\"elementor-tab-content-8854\" class=\"elementor-tab-content elementor-clearfix\" data-tab=\"4\" role=\"region\" aria-labelledby=\"elementor-tab-title-8854\"><ul><li><p>Dissertation by Margrit Weber-Scherrer:<br>Rechtliche Aspekte der Information zwischen den Arbeitsvertragsparteien \u2013 unter besonderer Ber\u00fccksichtigung des Notwehrrechts der L\u00fcge<\/p><p>Band 60 der Schriftenreihe zum Obligationenrecht<\/p><p>Die Autorin untersucht die Frage in ihrem Gesamtzusammenhang, wobei sie ihre praktischen Erfahrungen einfliessen l\u00e4sst. Sie befasst sich sowohl mit Informationssituationen w\u00e4hrend der gesamten Dauer des Arbeitsverh\u00e4ltnisses als auch mit dem Informationsinteresse auf Arbeitnehmer- und Arbeitgeberseite, welches im Zusammenhang mit dem Recht der Pers\u00f6nlichkeit steht. Neben dem Arbeitsvertragsrecht beeinflussen auch Datenschutz- und Gleichstellungsrecht das Thema.<\/p><\/li><li><p>Berner Kommentar zum schweizerischen Privatrecht: Die Miete, Art. 256-259i OR, erl\u00e4utert von Prof. Dr. iur. et Dr. phil I Hans Giger, E.C.L, Professor em. der Universit\u00e4t Z\u00fcrich, Rechtsanwalt unter Mitarbeit von Margrit Weber-Scherrer im Bereich der Mieter- und Vermieterpflichten<\/p><\/li><li><a href=\"https:\/\/dynamic-connecting.ch\/wp-content\/uploads\/dynamic-connecting-20-minuten-schulrecht-corona-lockdown.pdf\">20 Minuten Bericht: Schulrecht im Corona Lockdown<\/a><\/li><li><a href=\"https:\/\/dynamic-connecting.ch\/wp-content\/uploads\/dynamic-connecting-nzz-corona-impfzwang-angestellte.pdf\">NZZ Bericht: Impfzwang f\u00fcr Angestellte<\/a><\/li><\/ul><\/div>\n\t\t\t\t<\/div>\n\t\t\t\t\t\t\t\t<\/div>\n\t\t\t\t\t\t<\/div>\n\t\t\t\t<\/div>\n\t\t\t\t<\/div>\n\t\t\t\t\t<\/div>\n\t\t\t\t<\/section>\n\t\t\t\t<\/div>\n\t\t","protected":false},"excerpt":{"rendered":"<p>Your law office with heart and soul Holistic \u2013 versatile \u2013 professional Whenever private people face governmental authority for example public administration, school authority, any institution of further education or a public employer there are often many specialists on the other side. We care for equal opportunities. Thank to experience and diversity of methods we [&hellip;]<\/p>\n","protected":false},"author":1,"featured_media":0,"parent":0,"menu_order":0,"comment_status":"closed","ping_status":"closed","template":"","meta":{"footnotes":""},"class_list":["post-1325","page","type-page","status-publish","hentry"],"_links":{"self":[{"href":"https:\/\/dynamic-connecting.ch\/en\/wp-json\/wp\/v2\/pages\/1325","targetHints":{"allow":["GET"]}}],"collection":[{"href":"https:\/\/dynamic-connecting.ch\/en\/wp-json\/wp\/v2\/pages"}],"about":[{"href":"https:\/\/dynamic-connecting.ch\/en\/wp-json\/wp\/v2\/types\/page"}],"author":[{"embeddable":true,"href":"https:\/\/dynamic-connecting.ch\/en\/wp-json\/wp\/v2\/users\/1"}],"replies":[{"embeddable":true,"href":"https:\/\/dynamic-connecting.ch\/en\/wp-json\/wp\/v2\/comments?post=1325"}],"version-history":[{"count":1,"href":"https:\/\/dynamic-connecting.ch\/en\/wp-json\/wp\/v2\/pages\/1325\/revisions"}],"predecessor-version":[{"id":1369,"href":"https:\/\/dynamic-connecting.ch\/en\/wp-json\/wp\/v2\/pages\/1325\/revisions\/1369"}],"wp:attachment":[{"href":"https:\/\/dynamic-connecting.ch\/en\/wp-json\/wp\/v2\/media?parent=1325"}],"curies":[{"name":"wp","href":"https:\/\/api.w.org\/{rel}","templated":true}]}}